{"id":1043,"date":"2017-01-13T16:16:46","date_gmt":"2017-01-13T15:16:46","guid":{"rendered":"http:\/\/www.info01.it\/01-informatica\/?page_id=1043"},"modified":"2017-01-13T16:16:46","modified_gmt":"2017-01-13T15:16:46","slug":"solutions-web","status":"publish","type":"page","link":"https:\/\/www.info01.it\/fr\/solutions-web\/","title":{"rendered":"Solutions Web"},"content":{"rendered":"<div class=\"fusion-fullwidth fullwidth-box fusion-builder-row-1 nonhundred-percent-fullwidth non-hundred-percent-height-scrolling\" style=\"background-color: rgba(255,255,255,0);background-position: center center;background-repeat: no-repeat;padding-top:20px;padding-right:0px;padding-bottom:20px;padding-left:0px;margin-bottom: 0px;margin-top: 0px;border-width: 0px 0px 0px 0px;border-color:rgba(97,158,133,0);border-style:solid;\" ><div class=\"fusion-builder-row fusion-row\"><div class=\"fusion-layout-column fusion_builder_column fusion-builder-column-0 fusion_builder_column_1_1 1_1 fusion-one-full fusion-column-first fusion-column-last\" style=\"margin-top:0px;margin-bottom:20px;\"><div class=\"fusion-column-wrapper fusion-flex-column-wrapper-legacy\" style=\"background-position:left top;background-repeat:no-repeat;-webkit-background-size:cover;-moz-background-size:cover;-o-background-size:cover;background-size:cover;padding: 0px 0px 0px 0px;\"><style type=\"text\/css\"><\/style><div class=\"fusion-title title fusion-title-1 sep-underline sep-solid fusion-title-text fusion-title-size-one\" style=\"border-bottom-color:#e0dede;margin-top:0px;margin-right:0px;margin-bottom:40px;margin-left:0px;\"><h1 class=\"title-heading-left fusion-responsive-typography-calculated\" style=\"margin:0;--fontSize:36;line-height:1.4;\"><h1 style=\"text-align: center;\">Solutions Web<\/h1><\/h1><\/div><div class=\"fusion-text fusion-text-1\"><p>Gr\u00e2ce \u00e0 notre filiale <strong>ParalleloWeb S.r.l.<\/strong>, nous sommes en mesure de fournir un large \u00e9ventail de solutions bas\u00e9es sur la technologie Web, y compris le d\u00e9veloppement web, enregistrement de domaine, hosting, housing, web marketing, e-commerce, gestion des filtres antivirus et des anti-spam pour les email, aussi bien que d\u2019une gamme d&#8217;applications web pr\u00eates \u00e0 l&#8217;emploi.<\/p>\n<\/div><div class=\"fusion-builder-row fusion-builder-row-inner fusion-row\"><div class=\"fusion-layout-column fusion_builder_column_inner fusion-builder-nested-column-0 fusion_builder_column_inner_1_3 1_3 fusion-one-third fusion-column-first\" style=\"width:33.333333333333%;width:calc(33.333333333333% - ( ( 4% + 4% ) * 0.33333333333333 ) );margin-right: 4%;margin-top:0px;margin-bottom:20px;\"><div class=\"fusion-column-wrapper fusion-flex-column-wrapper-legacy\" style=\"background-position:left top;background-repeat:no-repeat;-webkit-background-size:cover;-moz-background-size:cover;-o-background-size:cover;background-size:cover;padding: 0px 0px 0px 0px;\"><div class=\"fusion-text fusion-text-2\"><h3>Enregistrement de domaines<\/h3>\n<p>Toutes les solutions pour enregistrer ou transf\u00e9rer votre nom de domaine et de construire votre site Web.<\/p>\n<\/div><div class=\"fusion-text fusion-text-3\"><h3>E-Commerce<\/h3>\n<p>Avoir un espace dans les moyens de web signifie de vendre sur Internet en r\u00e9duisant les co\u00fbts de distribution et de visibilit\u00e9 et d&#8217;\u00eatre en mesure de voir des profits attrayants.<\/p>\n<\/div><div class=\"fusion-text fusion-text-4\"><div class=\"text\">\n<h3>CMS Development<\/h3>\n<p>D\u00e9veloppement de syst\u00e8mes de gestion des contenus (CMS, Content Management System) qui permet de g\u00e9rer dynamiquement le contenu d\u2019un Web-Site.<\/p>\n<\/div>\n<\/div><div class=\"fusion-clearfix\"><\/div><\/div><\/div><div class=\"fusion-layout-column fusion_builder_column_inner fusion-builder-nested-column-1 fusion_builder_column_inner_1_3 1_3 fusion-one-third\" style=\"width:33.333333333333%;width:calc(33.333333333333% - ( ( 4% + 4% ) * 0.33333333333333 ) );margin-right: 4%;margin-top:0px;margin-bottom:20px;\"><div class=\"fusion-column-wrapper fusion-flex-column-wrapper-legacy\" style=\"background-position:left top;background-repeat:no-repeat;-webkit-background-size:cover;-moz-background-size:cover;-o-background-size:cover;background-size:cover;padding: 0px 0px 0px 0px;\"><div class=\"fusion-text fusion-text-5\"><h3>Hosting et Housing<\/h3>\n<p>Forfaits hosting et housing clairs et simples avec le domaine, l&#8217;espace Web et Email.<\/p>\n<\/div><div class=\"fusion-text fusion-text-6\"><h3>Software Web Based<\/h3>\n<p>L&#8217;importance d&#8217;un software WebBased est de donner la capacit\u00e9 de mettre \u00e0 jour le contenu de fa\u00e7on dynamique, et d&#8217;\u00eatre capable de faire interagir les visiteurs avec le site lui-m\u00eame.<\/p>\n<\/div><div class=\"fusion-text fusion-text-7\"><h3>MailWasher<\/h3>\n<p>On pourra g\u00e9rer de mani\u00e8re centralis\u00e9e tous vos email, en synchronisant et en partageant les email avec les diff\u00e9rents appareils mobiles.<\/p>\n<\/div><div class=\"fusion-clearfix\"><\/div><\/div><\/div><div class=\"fusion-layout-column fusion_builder_column_inner fusion-builder-nested-column-2 fusion_builder_column_inner_1_3 1_3 fusion-one-third fusion-column-last\" style=\"width:33.333333333333%;width:calc(33.333333333333% - ( ( 4% + 4% ) * 0.33333333333333 ) );margin-top:0px;margin-bottom:20px;\"><div class=\"fusion-column-wrapper fusion-flex-column-wrapper-legacy\" style=\"background-position:left top;background-repeat:no-repeat;-webkit-background-size:cover;-moz-background-size:cover;-o-background-size:cover;background-size:cover;padding: 0px 0px 0px 0px;\"><div class=\"fusion-text fusion-text-8\"><h3>Web Design<\/h3>\n<p>Cr\u00e9er un Web-Site est une op\u00e9ration qui int\u00e8gre des comp\u00e9tences diff\u00e9rentes, le site doit \u00eatre attrayant, facile \u00e0 naviguer et pr\u00e9senter clairement ses contenus avec facilit\u00e9.<\/p>\n<\/div><div class=\"fusion-text fusion-text-9\"><h3>Web App<\/h3>\n<p>Gestion et d\u00e9veloppement d&#8217;applications bas\u00e9es sur la technologie Web pour mieux g\u00e9rer les propres processus de production.<\/p>\n<\/div><div class=\"fusion-text fusion-text-10\"><h3>LegalMail<\/h3>\n<p>On peut envoyer votre email avec la valeur juridique d&#8217;un recommand\u00e9 avec le service certifi\u00e9 Legalmail \u2122.<\/p>\n<\/div><div class=\"fusion-clearfix\"><\/div><\/div><\/div><\/div><div class=\"fusion-clearfix\"><\/div><\/div><\/div><\/div><\/div>\n","protected":false},"excerpt":{"rendered":"","protected":false},"author":2,"featured_media":0,"parent":0,"menu_order":0,"comment_status":"closed","ping_status":"closed","template":"100-width.php","meta":{"_monsterinsights_skip_tracking":false,"_monsterinsights_sitenote_active":false,"_monsterinsights_sitenote_note":"","_monsterinsights_sitenote_category":0,"footnotes":""},"class_list":["post-1043","page","type-page","status-publish","hentry"],"yoast_head":"<!-- This site is optimized with the Yoast SEO plugin v27.6 - https:\/\/yoast.com\/product\/yoast-seo-wordpress\/ -->\n<title>Solutions Web - 01 Informatica Srl<\/title>\n<meta name=\"robots\" content=\"index, follow, max-snippet:-1, max-image-preview:large, max-video-preview:-1\" \/>\n<link rel=\"canonical\" href=\"https:\/\/www.info01.it\/fr\/solutions-web\/\" \/>\n<meta property=\"og:locale\" content=\"fr_FR\" \/>\n<meta property=\"og:type\" content=\"article\" \/>\n<meta property=\"og:title\" content=\"Solutions Web - 01 Informatica Srl\" \/>\n<meta property=\"og:url\" content=\"https:\/\/www.info01.it\/fr\/solutions-web\/\" \/>\n<meta property=\"og:site_name\" content=\"01 Informatica Srl\" \/>\n<meta property=\"article:publisher\" content=\"https:\/\/www.facebook.com\/01informaticasrl\" \/>\n<meta property=\"og:image\" content=\"https:\/\/www.info01.it\/wp-content\/uploads\/2019\/07\/Informatica_facebook-2.png\" \/>\n\t<meta property=\"og:image:width\" content=\"1200\" \/>\n\t<meta property=\"og:image:height\" content=\"600\" \/>\n\t<meta property=\"og:image:type\" content=\"image\/png\" \/>\n<meta name=\"twitter:card\" content=\"summary_large_image\" \/>\n<meta name=\"twitter:site\" content=\"@informatica_01\" \/>\n<meta name=\"twitter:label1\" content=\"Dur\u00e9e de lecture estim\u00e9e\" \/>\n\t<meta name=\"twitter:data1\" content=\"3 minutes\" \/>\n<!-- \/ Yoast SEO plugin. -->","yoast_head_json":{"title":"Solutions Web - 01 Informatica Srl","robots":{"index":"index","follow":"follow","max-snippet":"max-snippet:-1","max-image-preview":"max-image-preview:large","max-video-preview":"max-video-preview:-1"},"canonical":"https:\/\/www.info01.it\/fr\/solutions-web\/","og_locale":"fr_FR","og_type":"article","og_title":"Solutions Web - 01 Informatica Srl","og_url":"https:\/\/www.info01.it\/fr\/solutions-web\/","og_site_name":"01 Informatica Srl","article_publisher":"https:\/\/www.facebook.com\/01informaticasrl","og_image":[{"width":1200,"height":600,"url":"https:\/\/www.info01.it\/wp-content\/uploads\/2019\/07\/Informatica_facebook-2.png","type":"image\/png"}],"twitter_card":"summary_large_image","twitter_site":"@informatica_01","twitter_misc":{"Dur\u00e9e de lecture estim\u00e9e":"3 minutes"},"schema":{"@context":"https:\/\/schema.org","@graph":[{"@type":"WebPage","@id":"https:\/\/www.info01.it\/fr\/solutions-web\/","url":"https:\/\/www.info01.it\/fr\/solutions-web\/","name":"Solutions Web - 01 Informatica Srl","isPartOf":{"@id":"https:\/\/www.info01.it\/#website"},"datePublished":"2017-01-13T15:16:46+00:00","breadcrumb":{"@id":"https:\/\/www.info01.it\/fr\/solutions-web\/#breadcrumb"},"inLanguage":"fr-FR","potentialAction":[{"@type":"ReadAction","target":["https:\/\/www.info01.it\/fr\/solutions-web\/"]}]},{"@type":"BreadcrumbList","@id":"https:\/\/www.info01.it\/fr\/solutions-web\/#breadcrumb","itemListElement":[{"@type":"ListItem","position":1,"name":"Home","item":"https:\/\/www.info01.it\/fr\/"},{"@type":"ListItem","position":2,"name":"Solutions Web"}]},{"@type":"WebSite","@id":"https:\/\/www.info01.it\/#website","url":"https:\/\/www.info01.it\/","name":"01 Informatica Srl","description":"Sono oltre 30 anni che portiamo, nelle aziende, innovazione e tecnologia., offrendo la nostra consulenza per aiutarle ad essere dinamiche e flessibili.","publisher":{"@id":"https:\/\/www.info01.it\/#organization"},"potentialAction":[{"@type":"SearchAction","target":{"@type":"EntryPoint","urlTemplate":"https:\/\/www.info01.it\/?s={search_term_string}"},"query-input":{"@type":"PropertyValueSpecification","valueRequired":true,"valueName":"search_term_string"}}],"inLanguage":"fr-FR"},{"@type":"Organization","@id":"https:\/\/www.info01.it\/#organization","name":"01 Informatica S.r.l.","url":"https:\/\/www.info01.it\/","logo":{"@type":"ImageObject","inLanguage":"fr-FR","@id":"https:\/\/www.info01.it\/#\/schema\/logo\/image\/","url":"https:\/\/www.info01.it\/wp-content\/uploads\/2018\/12\/01.png","contentUrl":"https:\/\/www.info01.it\/wp-content\/uploads\/2018\/12\/01.png","width":373,"height":72,"caption":"01 Informatica S.r.l."},"image":{"@id":"https:\/\/www.info01.it\/#\/schema\/logo\/image\/"},"sameAs":["https:\/\/www.facebook.com\/01informaticasrl","https:\/\/x.com\/informatica_01","https:\/\/www.linkedin.com\/company\/01-informatica-srl"]}]}},"jetpack_shortlink":"https:\/\/wp.me\/P8LhI6-gP","jetpack_sharing_enabled":true,"jetpack_likes_enabled":true,"_links":{"self":[{"href":"https:\/\/www.info01.it\/fr\/wp-json\/wp\/v2\/pages\/1043","targetHints":{"allow":["GET"]}}],"collection":[{"href":"https:\/\/www.info01.it\/fr\/wp-json\/wp\/v2\/pages"}],"about":[{"href":"https:\/\/www.info01.it\/fr\/wp-json\/wp\/v2\/types\/page"}],"author":[{"embeddable":true,"href":"https:\/\/www.info01.it\/fr\/wp-json\/wp\/v2\/users\/2"}],"replies":[{"embeddable":true,"href":"https:\/\/www.info01.it\/fr\/wp-json\/wp\/v2\/comments?post=1043"}],"version-history":[{"count":0,"href":"https:\/\/www.info01.it\/fr\/wp-json\/wp\/v2\/pages\/1043\/revisions"}],"wp:attachment":[{"href":"https:\/\/www.info01.it\/fr\/wp-json\/wp\/v2\/media?parent=1043"}],"curies":[{"name":"wp","href":"https:\/\/api.w.org\/{rel}","templated":true}]}}