{"id":1030,"date":"2017-01-13T16:04:07","date_gmt":"2017-01-13T15:04:07","guid":{"rendered":"http:\/\/www.info01.it\/01-informatica\/?page_id=1030"},"modified":"2017-01-13T16:04:07","modified_gmt":"2017-01-13T15:04:07","slug":"education","status":"publish","type":"page","link":"https:\/\/www.info01.it\/fr\/education\/","title":{"rendered":"\u00c9ducation"},"content":{"rendered":"<div class=\"fusion-fullwidth fullwidth-box fusion-builder-row-1 nonhundred-percent-fullwidth non-hundred-percent-height-scrolling\" style=\"background-color: rgba(255,255,255,0);background-position: center center;background-repeat: no-repeat;padding-top:20px;padding-right:0px;padding-bottom:20px;padding-left:0px;margin-bottom: 0px;margin-top: 0px;border-width: 0px 0px 0px 0px;border-color:rgba(97,158,133,0);border-style:solid;\" ><div class=\"fusion-builder-row fusion-row\"><div class=\"fusion-layout-column fusion_builder_column fusion-builder-column-0 fusion_builder_column_1_1 1_1 fusion-one-full fusion-column-first fusion-column-last\" style=\"margin-top:0px;margin-bottom:20px;\"><div class=\"fusion-column-wrapper fusion-flex-column-wrapper-legacy\" style=\"background-position:left top;background-repeat:no-repeat;-webkit-background-size:cover;-moz-background-size:cover;-o-background-size:cover;background-size:cover;padding: 0px 0px 0px 0px;\"><style type=\"text\/css\"><\/style><div class=\"fusion-title title fusion-title-1 sep-underline sep-solid fusion-title-text fusion-title-size-one\" style=\"border-bottom-color:#e0dede;margin-top:0px;margin-right:0px;margin-bottom:40px;margin-left:0px;\"><h1 class=\"title-heading-left fusion-responsive-typography-calculated\" style=\"margin:0;--fontSize:36;line-height:1.4;\"><h1 style=\"text-align: center;\">\u00c9ducation<\/h1><\/h1><\/div><div class=\"fusion-builder-row fusion-builder-row-inner fusion-row\"><div class=\"fusion-layout-column fusion_builder_column_inner fusion-builder-nested-column-0 fusion_builder_column_inner_1_2 1_2 fusion-one-half fusion-column-first\" style=\"width:50%;width:calc(50% - ( ( 4% ) * 0.5 ) );margin-right: 4%;margin-top:0px;margin-bottom:20px;\"><div class=\"fusion-column-wrapper fusion-flex-column-wrapper-legacy\" style=\"background-position:left top;background-repeat:no-repeat;-webkit-background-size:cover;-moz-background-size:cover;-o-background-size:cover;background-size:cover;padding: 0px 0px 0px 0px;\"><div class=\"fusion-text fusion-text-1\"><p><img decoding=\"async\" class=\"alignleft wp-image-508 size-full\" src=\"http:\/\/www.info01.it\/01-informatica\/wp-content\/uploads\/2016\/12\/education.jpg\" width=\"219\" height=\"230\" srcset=\"https:\/\/www.info01.it\/wp-content\/uploads\/2016\/12\/education-200x210.jpg 200w, https:\/\/www.info01.it\/wp-content\/uploads\/2016\/12\/education.jpg 219w\" sizes=\"(max-width: 219px) 100vw, 219px\" \/>La formation est un outil important pour favoriser la comp\u00e9titivit\u00e9, afin que nous personnellement la formation de nos clients, avec l&#8217;aide de consultants et d&#8217;experts internes sur des applications d\u00e9velopp\u00e9es et actualis\u00e9es en permanence sur de nouvelles normes pour veiller \u00e0 ce que toute la cha\u00eene peut atteindre un objectif d&#8217;excellence tout au long de la fourniture du service.<\/p>\n<p>En plus de la formation sur chaque logiciel sp\u00e9cifique et des modules en cours d&#8217;utilisation chez le client, de 01 Informatica Srl a d\u00e9velopp\u00e9 un catalogue de cours sp\u00e9cifiques:<strong>01_Education<\/strong>.<\/p>\n<p><strong>01_Education<\/strong>\u00a0propose une large gamme de cours et de programmes de formation destin\u00e9s aux utilisateurs finaux et les soci\u00e9t\u00e9s de gestion garantissant l&#8217;acquisition des connaissances n\u00e9cessaires pour mettre en \u0153uvre et utiliser les solutions qui 01 Informatica Srl communiqu\u00e9s \u00e0 leur plein potentiel.<\/p>\n<\/div><div class=\"fusion-clearfix\"><\/div><\/div><\/div><div class=\"fusion-layout-column fusion_builder_column_inner fusion-builder-nested-column-1 fusion_builder_column_inner_1_2 1_2 fusion-one-half fusion-column-last\" style=\"width:50%;width:calc(50% - ( ( 4% ) * 0.5 ) );margin-top:0px;margin-bottom:20px;\"><div class=\"fusion-column-wrapper fusion-flex-column-wrapper-legacy\" style=\"background-position:left top;background-repeat:no-repeat;-webkit-background-size:cover;-moz-background-size:cover;-o-background-size:cover;background-size:cover;padding: 0px 0px 0px 0px;\"><div class=\"fusion-text fusion-text-2\"><h3 class=\"title\">Formation on line<\/h3>\n<p>Bient\u00f4t, l&#8217;acc\u00e8s \u00e0 des zones sp\u00e9cifiques du site, les gestionnaires fonctionnels, les ressources informatiques et les utilisateurs autoris\u00e9s pourront voir le contenu de l&#8217;\u00e9ducation relative \u00e0 chaque demande Codice01 sans quitter le lieu de travail, d&#8217;une mani\u00e8re simple et d&#8217;un assistant.<\/p>\n<\/div><div class=\"fusion-text fusion-text-3\"><div class=\"text\">\n<h3 class=\"title\">Formation de la client\u00e8le sp\u00e9cifique<\/h3>\n<p><img decoding=\"async\" class=\"size-full wp-image-509 alignleft\" src=\"http:\/\/www.info01.it\/01-informatica\/wp-content\/uploads\/2016\/12\/education2.jpg\" alt=\"\" width=\"211\" height=\"184\" srcset=\"https:\/\/www.info01.it\/wp-content\/uploads\/2016\/12\/education2-200x174.jpg 200w, https:\/\/www.info01.it\/wp-content\/uploads\/2016\/12\/education2.jpg 211w\" sizes=\"(max-width: 211px) 100vw, 211px\" \/>Les clients qui souhaitent planifier un cours d\u00e9di\u00e9 \u00e0 un groupe de ressources, peuvent voir dans cette section les informations essentielles et les moyens par lesquels 01_Education con\u00e7oit et offre des cours de formation qui r\u00e9pondent aux besoins sp\u00e9cifiques de la Soci\u00e9t\u00e9 en termes de temps et les lieux.<\/p>\n<\/div>\n<\/div><div class=\"fusion-clearfix\"><\/div><\/div><\/div><\/div><div class=\"fusion-clearfix\"><\/div><\/div><\/div><\/div><\/div>\n","protected":false},"excerpt":{"rendered":"","protected":false},"author":2,"featured_media":0,"parent":0,"menu_order":0,"comment_status":"closed","ping_status":"closed","template":"","meta":{"_monsterinsights_skip_tracking":false,"_monsterinsights_sitenote_active":false,"_monsterinsights_sitenote_note":"","_monsterinsights_sitenote_category":0,"footnotes":""},"class_list":["post-1030","page","type-page","status-publish","hentry"],"yoast_head":"<!-- This site is optimized with the Yoast SEO plugin v27.4 - https:\/\/yoast.com\/product\/yoast-seo-wordpress\/ -->\n<title>\u00c9ducation - 01 Informatica Srl<\/title>\n<meta name=\"robots\" content=\"index, follow, max-snippet:-1, max-image-preview:large, max-video-preview:-1\" \/>\n<link rel=\"canonical\" href=\"https:\/\/www.info01.it\/fr\/education\/\" \/>\n<meta property=\"og:locale\" content=\"fr_FR\" \/>\n<meta property=\"og:type\" content=\"article\" \/>\n<meta property=\"og:title\" content=\"\u00c9ducation - 01 Informatica Srl\" \/>\n<meta property=\"og:url\" content=\"https:\/\/www.info01.it\/fr\/education\/\" \/>\n<meta property=\"og:site_name\" content=\"01 Informatica Srl\" \/>\n<meta property=\"article:publisher\" content=\"https:\/\/www.facebook.com\/01informaticasrl\" \/>\n<meta property=\"og:image\" content=\"http:\/\/www.info01.it\/01-informatica\/wp-content\/uploads\/2016\/12\/education.jpg\" \/>\n<meta name=\"twitter:card\" content=\"summary_large_image\" \/>\n<meta name=\"twitter:site\" content=\"@informatica_01\" \/>\n<meta name=\"twitter:label1\" content=\"Dur\u00e9e de lecture estim\u00e9e\" \/>\n\t<meta name=\"twitter:data1\" content=\"3 minutes\" \/>\n<!-- \/ Yoast SEO plugin. -->","yoast_head_json":{"title":"\u00c9ducation - 01 Informatica Srl","robots":{"index":"index","follow":"follow","max-snippet":"max-snippet:-1","max-image-preview":"max-image-preview:large","max-video-preview":"max-video-preview:-1"},"canonical":"https:\/\/www.info01.it\/fr\/education\/","og_locale":"fr_FR","og_type":"article","og_title":"\u00c9ducation - 01 Informatica Srl","og_url":"https:\/\/www.info01.it\/fr\/education\/","og_site_name":"01 Informatica Srl","article_publisher":"https:\/\/www.facebook.com\/01informaticasrl","og_image":[{"url":"http:\/\/www.info01.it\/01-informatica\/wp-content\/uploads\/2016\/12\/education.jpg","type":"","width":"","height":""}],"twitter_card":"summary_large_image","twitter_site":"@informatica_01","twitter_misc":{"Dur\u00e9e de lecture estim\u00e9e":"3 minutes"},"schema":{"@context":"https:\/\/schema.org","@graph":[{"@type":"WebPage","@id":"https:\/\/www.info01.it\/fr\/education\/","url":"https:\/\/www.info01.it\/fr\/education\/","name":"\u00c9ducation - 01 Informatica Srl","isPartOf":{"@id":"https:\/\/www.info01.it\/#website"},"primaryImageOfPage":{"@id":"https:\/\/www.info01.it\/fr\/education\/#primaryimage"},"image":{"@id":"https:\/\/www.info01.it\/fr\/education\/#primaryimage"},"thumbnailUrl":"http:\/\/www.info01.it\/01-informatica\/wp-content\/uploads\/2016\/12\/education.jpg","datePublished":"2017-01-13T15:04:07+00:00","breadcrumb":{"@id":"https:\/\/www.info01.it\/fr\/education\/#breadcrumb"},"inLanguage":"fr-FR","potentialAction":[{"@type":"ReadAction","target":["https:\/\/www.info01.it\/fr\/education\/"]}]},{"@type":"ImageObject","inLanguage":"fr-FR","@id":"https:\/\/www.info01.it\/fr\/education\/#primaryimage","url":"http:\/\/www.info01.it\/01-informatica\/wp-content\/uploads\/2016\/12\/education.jpg","contentUrl":"http:\/\/www.info01.it\/01-informatica\/wp-content\/uploads\/2016\/12\/education.jpg"},{"@type":"BreadcrumbList","@id":"https:\/\/www.info01.it\/fr\/education\/#breadcrumb","itemListElement":[{"@type":"ListItem","position":1,"name":"Home","item":"https:\/\/www.info01.it\/fr\/"},{"@type":"ListItem","position":2,"name":"\u00c9ducation"}]},{"@type":"WebSite","@id":"https:\/\/www.info01.it\/#website","url":"https:\/\/www.info01.it\/","name":"01 Informatica Srl","description":"Sono oltre 30 anni che portiamo, nelle aziende, innovazione e tecnologia., offrendo la nostra consulenza per aiutarle ad essere dinamiche e flessibili.","publisher":{"@id":"https:\/\/www.info01.it\/#organization"},"potentialAction":[{"@type":"SearchAction","target":{"@type":"EntryPoint","urlTemplate":"https:\/\/www.info01.it\/?s={search_term_string}"},"query-input":{"@type":"PropertyValueSpecification","valueRequired":true,"valueName":"search_term_string"}}],"inLanguage":"fr-FR"},{"@type":"Organization","@id":"https:\/\/www.info01.it\/#organization","name":"01 Informatica S.r.l.","url":"https:\/\/www.info01.it\/","logo":{"@type":"ImageObject","inLanguage":"fr-FR","@id":"https:\/\/www.info01.it\/#\/schema\/logo\/image\/","url":"https:\/\/www.info01.it\/wp-content\/uploads\/2018\/12\/01.png","contentUrl":"https:\/\/www.info01.it\/wp-content\/uploads\/2018\/12\/01.png","width":373,"height":72,"caption":"01 Informatica S.r.l."},"image":{"@id":"https:\/\/www.info01.it\/#\/schema\/logo\/image\/"},"sameAs":["https:\/\/www.facebook.com\/01informaticasrl","https:\/\/x.com\/informatica_01","https:\/\/www.linkedin.com\/company\/01-informatica-srl"]}]}},"jetpack_shortlink":"https:\/\/wp.me\/P8LhI6-gC","jetpack_sharing_enabled":true,"jetpack_likes_enabled":true,"_links":{"self":[{"href":"https:\/\/www.info01.it\/fr\/wp-json\/wp\/v2\/pages\/1030","targetHints":{"allow":["GET"]}}],"collection":[{"href":"https:\/\/www.info01.it\/fr\/wp-json\/wp\/v2\/pages"}],"about":[{"href":"https:\/\/www.info01.it\/fr\/wp-json\/wp\/v2\/types\/page"}],"author":[{"embeddable":true,"href":"https:\/\/www.info01.it\/fr\/wp-json\/wp\/v2\/users\/2"}],"replies":[{"embeddable":true,"href":"https:\/\/www.info01.it\/fr\/wp-json\/wp\/v2\/comments?post=1030"}],"version-history":[{"count":0,"href":"https:\/\/www.info01.it\/fr\/wp-json\/wp\/v2\/pages\/1030\/revisions"}],"wp:attachment":[{"href":"https:\/\/www.info01.it\/fr\/wp-json\/wp\/v2\/media?parent=1030"}],"curies":[{"name":"wp","href":"https:\/\/api.w.org\/{rel}","templated":true}]}}