{"id":927,"date":"2016-12-23T09:54:17","date_gmt":"2016-12-23T08:54:17","guid":{"rendered":"http:\/\/www.info01.it\/01-informatica\/azienda\/"},"modified":"2017-05-08T15:42:20","modified_gmt":"2017-05-08T13:42:20","slug":"azienda","status":"publish","type":"page","link":"https:\/\/www.info01.it\/de\/azienda\/","title":{"rendered":"Die Gruppe"},"content":{"rendered":"<div class=\"fusion-fullwidth fullwidth-box fusion-builder-row-1 nonhundred-percent-fullwidth non-hundred-percent-height-scrolling\" style=\"background-color: rgba(255,255,255,0);background-position: center center;background-repeat: no-repeat;padding-top:20px;padding-right:0px;padding-bottom:20px;padding-left:0px;margin-bottom: 0px;margin-top: 0px;border-width: 0px 0px 0px 0px;border-color:rgba(97,158,133,0);border-style:solid;\" ><div class=\"fusion-builder-row fusion-row\"><div class=\"fusion-layout-column fusion_builder_column fusion-builder-column-0 fusion_builder_column_1_1 1_1 fusion-one-full fusion-column-first fusion-column-last\" style=\"margin-top:0px;margin-bottom:20px;\"><div class=\"fusion-column-wrapper fusion-flex-column-wrapper-legacy\" style=\"background-position:left top;background-repeat:no-repeat;-webkit-background-size:cover;-moz-background-size:cover;-o-background-size:cover;background-size:cover;padding: 0px 0px 0px 0px;\"><style type=\"text\/css\"><\/style><div class=\"fusion-title title fusion-title-1 sep-underline sep-solid fusion-title-text fusion-title-size-two\" style=\"border-bottom-color:#e0dede;margin-top:0px;margin-right:0px;margin-bottom:40px;margin-left:0px;\"><h2 class=\"title-heading-left fusion-responsive-typography-calculated\" style=\"margin:0;--fontSize:33;line-height:1.5;\"><h1 style=\"text-align: center;\">01Informatica, Erfahrung zu Ihren Diensten<\/h1><\/h2><\/div><div class=\"fusion-builder-row fusion-builder-row-inner fusion-row\"><div class=\"fusion-layout-column fusion_builder_column_inner fusion-builder-nested-column-0 fusion_builder_column_inner_1_2 1_2 fusion-one-half fusion-column-first\" style=\"width:50%;width:calc(50% - ( ( 4% ) * 0.5 ) );margin-right: 4%;margin-top:0px;margin-bottom:20px;\"><div class=\"fusion-column-wrapper fusion-flex-column-wrapper-legacy\" style=\"background-position:left top;background-repeat:no-repeat;-webkit-background-size:cover;-moz-background-size:cover;-o-background-size:cover;background-size:cover;padding: 0px 0px 0px 0px;\"><div class=\"fusion-text fusion-text-1\"><h3>Wer wir sind<\/h3>\n<p>01 Informatica Srl, IBM Business Partner seit 1992, hat \u00fcber 20 Jahre Erfahrung in der Entwicklung High-Tech-L\u00f6sungen in den Bereichen Software-Management, Netzwerk-und Hardware.<br \/>\nDas Unternehmen entwickelt sich st\u00e4ndig weiter, st\u00e4ndige Weiterentwicklung und Verbesserung ihrer Organisation und ihre Dienstleistungen f\u00fcr Kunden. 01 Computer Power Ltd ist ein Fachgebiet und befasst sich mit der Erstellung von Web-orientierten Management-Software.<\/p>\n<p><img decoding=\"async\" class=\"wp-image-396 size-full aligncenter\" src=\"http:\/\/www.info01.it\/01-informatica\/wp-content\/uploads\/2016\/12\/01group.jpg\" width=\"500\" height=\"256\" srcset=\"https:\/\/www.info01.it\/wp-content\/uploads\/2016\/12\/01group-200x102.jpg 200w, https:\/\/www.info01.it\/wp-content\/uploads\/2016\/12\/01group-300x154.jpg 300w, https:\/\/www.info01.it\/wp-content\/uploads\/2016\/12\/01group-400x205.jpg 400w, https:\/\/www.info01.it\/wp-content\/uploads\/2016\/12\/01group.jpg 500w\" sizes=\"(max-width: 500px) 100vw, 500px\" \/><\/p>\n<div class=\"text\">\n<h3>Vision<\/h3>\n<p>Unsere Arbeit, um sicherzustellen, dass die Entwicklung folgt dem Weg bis jetzt erfolgreich bei der Suche nach M\u00f6glichkeiten, um das Leben der Unternehmen zu verbessern genommen, verfolgt kontinuierliches Wachstum in Technologie und Informatik.<\/p>\n<\/div>\n<div class=\"text\">\n<h3>Ethik<\/h3>\n<ul>\n<li>Den richtigen Wert zu Wissen, die Kenntnisse und F\u00e4higkeiten der Menschen Geben<\/li>\n<li>Die Sicherheit am Arbeitsplatz Sch\u00fctzen<\/li>\n<li>Die Ablehnung illegaler Gesch\u00e4ftspraktiken<\/li>\n<li>Achten Sie auf das ethische Profil der Partner<\/li>\n<\/ul>\n<p>Diese sind die Werte, die unser Unternehmen, unsere Mitarbeiter inspiriert und auf dieser Grundlage sind auch unsere Partner gew\u00e4hlt.<\/p>\n<\/div>\n<\/div><div class=\"fusion-clearfix\"><\/div><\/div><\/div><div class=\"fusion-layout-column fusion_builder_column_inner fusion-builder-nested-column-1 fusion_builder_column_inner_1_2 1_2 fusion-one-half fusion-column-last\" style=\"width:50%;width:calc(50% - ( ( 4% ) * 0.5 ) );margin-top:0px;margin-bottom:20px;\"><div class=\"fusion-column-wrapper fusion-flex-column-wrapper-legacy\" style=\"background-position:left top;background-repeat:no-repeat;-webkit-background-size:cover;-moz-background-size:cover;-o-background-size:cover;background-size:cover;padding: 0px 0px 0px 0px;\"><div class=\"fusion-text fusion-text-2\"><h3 style=\"text-align: left;\">Mission<\/h3>\n<p style=\"text-align: left;\">Seit \u00fcber 25 Jahren bringen wir Innovation und Technologie-Unternehmen. Indem wir unseren Ratschl\u00e4ge um Ihnen zu helfen, um dynamisch und flexibel sein. Arbeiten mit ihnen in Kontakt, wir kennen die Prozesse und Anforderungen. Unsere L\u00f6sungen sind das Ergebnis dieser Erfahrung und Kompetenz, die uns abheben.<\/p>\n<p style=\"text-align: left;\">Unsere Beratung, begleitet und folgt der Realisierung von Projekten kleiner und mittlerer Gr\u00f6\u00dfe, sondern auch gro\u00dfe internationale Infrastruktur, mit dem Ziel der Befriedigung jede Anforderung durch die Gesellschaft nach ein etabliertes Verfahren hergestellt:<\/p>\n<p style=\"text-align: left;\"><strong>Analyse des Bedarfs:<\/strong> Unsere Berater sind als Leitfaden soll dazu beitragen, den Anwender bei der Definition der Methoden der L\u00f6sung f\u00fcr ihre Bed\u00fcrfnisse und begleiten ihn auf die Wahl der Software und Hardware, die am besten an Ihre Bed\u00fcrfnisse anzupassen platziert.<\/p>\n<p style=\"text-align: left;\"><strong>Machbarkeitsstudie:<\/strong> Unsere Analysten sind in der Lage, den Benutzer in Bezug auf die praktische Beurteilung der gew\u00e4hlten L\u00f6sung in der Identifizierung B\u00fchne zu bringen, indem die tats\u00e4chliche Einhaltung des Informationssystems Bed\u00fcrfnisse des Unternehmens, die Messung der Wirksamkeit und der Umfang der &#8216;Investition. Diese Phase endet mit der Ausarbeitung einer echten Beziehung, die folgen oder auch nicht die Kaufentscheidung.<\/p>\n<p style=\"text-align: left;\"><strong>Informationen zur Systemkonfiguration:<\/strong> Unsere Techniker geben ihr Know-how (? Technischen)&#8221; Bei der Vorbereitung der Applikations-Architektur, die Netzstruktur und Infrastruktur, um die Flexibilit\u00e4t und Solidit\u00e4t der Investition in Zeit zu maximieren, pr\u00e4disponieren die optimale Umgebung des Einsatzes und der Planung beginnen.<\/p>\n<p style=\"text-align: left;\"><strong> Starter:<\/strong> unsere Gesellschaft, nach Vertretern der Gesellschaft stellt eine Gruppe von technischen Spezialisten, die (manca!) unterst\u00fctzen Sie bei der Optimierung und der Ausgleich des Systems gew\u00e4hlt werden k\u00f6nnen, f\u00fcr die Einf\u00fchrung der Systeme und Verfahren der Einstellung von Software und Datenbanken.<\/p>\n<p style=\"text-align: left;\"><strong>Ausbildung:<\/strong> unsere Ingenieure auf der Basis der Standard-Programme mit den verschiedenen betroffenen Dienststellen, so wird Bildung unter den Arbeitern zu f\u00fchren.<\/p>\n<p style=\"text-align: left;\"><strong>Service:<\/strong> unsere Gesellschaft, am Ende eines jeden Projektes, sorgt f\u00fcr eine kontinuierliche Betreuung, in der Lage, einzugreifen und alle Probleme l\u00f6sen, die w\u00e4hrend der normalen t\u00e4glichen Betrieb entstehen.<\/p>\n<\/div><div class=\"fusion-clearfix\"><\/div><\/div><\/div><\/div><style type=\"text\/css\"><\/style><div class=\"fusion-title title fusion-title-2 sep-underline sep-solid fusion-title-text fusion-title-size-one\" style=\"border-bottom-color:#e0dede;margin-top:0px;margin-right:0px;margin-bottom:40px;margin-left:0px;\"><h1 class=\"title-heading-left fusion-responsive-typography-calculated\" style=\"margin:0;--fontSize:36;line-height:1.4;\"><h1>Die Geschichte<\/h1><\/h1><\/div><div class=\"fusion-builder-row fusion-builder-row-inner fusion-row\"><div class=\"fusion-layout-column fusion_builder_column_inner fusion-builder-nested-column-2 fusion_builder_column_inner_1_1 1_1 fusion-one-full fusion-column-first fusion-column-last\" style=\"margin-top:0px;margin-bottom:20px;\"><div class=\"fusion-column-wrapper fusion-flex-column-wrapper-legacy\" style=\"background-position:left top;background-repeat:no-repeat;-webkit-background-size:cover;-moz-background-size:cover;-o-background-size:cover;background-size:cover;padding: 0px 0px 0px 0px;\"><div class=\"fusion-text fusion-text-3\"><p><img decoding=\"async\" class=\"size-full wp-image-402 alignright\" src=\"http:\/\/www.info01.it\/01-informatica\/wp-content\/uploads\/2016\/12\/pic-small-2.jpg\" alt=\"\" width=\"240\" height=\"180\" srcset=\"https:\/\/www.info01.it\/wp-content\/uploads\/2016\/12\/pic-small-2-200x150.jpg 200w, https:\/\/www.info01.it\/wp-content\/uploads\/2016\/12\/pic-small-2.jpg 240w\" sizes=\"(max-width: 240px) 100vw, 240px\" \/>Unsere Geschichte beginnt, als im Jahr 1982 vier Profis entscheiden ihre Erfahrungen auszutauschen und gr\u00fcndete eine kleine Firma,, in Margine Coperta (PT) basiert, die auf die Beratung in der Informationstechnologie konzentrieren, sondern auch die Datenverarbeitung f\u00fcr Dritte.<\/p>\n<p>Das kleine Unternehmen w\u00e4chst stetig Jahr f\u00fcr Jahr, erzeugen fast Bed\u00fcrfnisse und Ziele von verschiedenen im Bereich des Rechnungswesens und der Computer-Branche ver\u00e4ndert sich st\u00e4ndig in jenen Jahren.<\/p>\n<p>Eine f\u00fcr den administrativen Bereich Buchhaltung und das andere f\u00fcr die Computerindustrie, 01Informatica Srl (tats\u00e4chlich): Aus diesem Grund wurde 1992 die kleine Firma (vier Partner und drei Mitarbeiter) lassen sich in zwei neue Gesellschaften zerlegt werden.<br \/>\nBei der Geburt des 01Informatica Srl, zog die neue Firma von Margine Coperta in Borgo a Buggiano (PT), wo sie bis 2002 blieb, wann, aus Platzgr\u00fcnden, er bewegte sich in Pescia bestehenden Niederlassungen in Via Caravaggio.<br \/>\nDie St\u00e4rke unseres Unternehmens war, dass er die Software, die die spezifischen Bed\u00fcrfnisse des jeweiligen Kunden passt zu entwickeln, ohne dass die Verwendung von Standard-Produkten, die sicherlich eine gr\u00f6\u00dfere Wirtschaftsleistung w\u00fcrde erlaubt sein, besonders wenn auf einen angemessenen Vertrieb verkn\u00fcpft wollte, aber w\u00fcrden entfernt haben das Vergn\u00fcgen, Gesch\u00e4ftspartner \u00fcbernommen.<\/p>\n<p>Die Definition, die wir gerne an uns geben, ist es, Software Handwerk.<\/p>\n<h3 style=\"text-align: center;\"><strong>Wann immer es eine Herausforderung darstellte, 01 Informatica Srl, hat es akzeptiert<\/strong><\/h3>\n<h4 style=\"text-align: center;\"><a href=\"https:\/\/www.info01.it\/de\/unsere-geschichte\/\">Verfolge unserer Geschichte<\/a><\/h4>\n<\/div><div class=\"fusion-clearfix\"><\/div><\/div><\/div><\/div><style type=\"text\/css\"><\/style><div class=\"fusion-title title fusion-title-3 sep-underline sep-solid fusion-title-text fusion-title-size-one\" style=\"border-bottom-color:#e0dede;margin-top:0px;margin-right:0px;margin-bottom:40px;margin-left:0px;\"><h1 class=\"title-heading-left fusion-responsive-typography-calculated\" style=\"margin:0;--fontSize:36;line-height:1.4;\"><h1>Der Konzern<\/h1><\/h1><\/div><div class=\"fusion-builder-row fusion-builder-row-inner fusion-row\"><div class=\"fusion-layout-column fusion_builder_column_inner fusion-builder-nested-column-3 fusion_builder_column_inner_1_2 1_2 fusion-one-half fusion-column-first\" style=\"width:50%;width:calc(50% - ( ( 4% ) * 0.5 ) );margin-right: 4%;margin-top:0px;margin-bottom:20px;\"><div class=\"fusion-column-wrapper fusion-flex-column-wrapper-legacy\" style=\"background-position:left top;background-repeat:no-repeat;-webkit-background-size:cover;-moz-background-size:cover;-o-background-size:cover;background-size:cover;padding: 0px 0px 0px 0px;\"><div class=\"fusion-text fusion-text-4\"><p><img decoding=\"async\" class=\"size-medium wp-image-403 aligncenter\" src=\"http:\/\/www.info01.it\/wp-content\/uploads\/2016\/12\/gruppo-299x300.jpg\" alt=\"\" width=\"299\" height=\"300\" srcset=\"https:\/\/www.info01.it\/wp-content\/uploads\/2016\/12\/gruppo-66x66.jpg 66w, https:\/\/www.info01.it\/wp-content\/uploads\/2016\/12\/gruppo-150x150.jpg 150w, https:\/\/www.info01.it\/wp-content\/uploads\/2016\/12\/gruppo-200x201.jpg 200w, https:\/\/www.info01.it\/wp-content\/uploads\/2016\/12\/gruppo-299x300.jpg 299w, https:\/\/www.info01.it\/wp-content\/uploads\/2016\/12\/gruppo.jpg 300w\" sizes=\"(max-width: 299px) 100vw, 299px\" \/><\/p>\n<p>01 Informatica Srl hat seine Partnerschaft mit Enterprise-Kunden den zus\u00e4tzlicher Dienste \u00fcber seine Marke integrieren gewollt. Die 01GROUP umfasst erweitern: schon immer eine Sicherheit auf dem Gebiet der IKT. Mit dem Wissen, Zuverl\u00e4ssigkeit und Professionalit\u00e4t, dass seine Ingenieure und Berater, 01 Informatica Srl Ltd neben Kunden arbeitet, um ihre L\u00f6sungen f\u00fcr Management-Probleme bieten<\/p>\n<\/div><div class=\"fusion-clearfix\"><\/div><\/div><\/div><div class=\"fusion-layout-column fusion_builder_column_inner fusion-builder-nested-column-4 fusion_builder_column_inner_1_2 1_2 fusion-one-half fusion-column-last\" style=\"width:50%;width:calc(50% - ( ( 4% ) * 0.5 ) );margin-top:0px;margin-bottom:20px;\"><div class=\"fusion-column-wrapper fusion-flex-column-wrapper-legacy\" style=\"background-position:left top;background-repeat:no-repeat;-webkit-background-size:cover;-moz-background-size:cover;-o-background-size:cover;background-size:cover;padding: 0px 0px 0px 0px;\">\n<table width=\"100%\" cellspacing=\"0\" cellpadding=\"0\">\n<tbody>\n<tr>\n<td width=\"50%\"><img decoding=\"async\" class=\"size-full wp-image-784 aligncenter\" src=\"http:\/\/www.info01.it\/wp-content\/uploads\/2016\/12\/clip_image001-1.png\" alt=\"\" width=\"190\" height=\"60\" \/><\/p>\n<ul>\n<li>IKT-Consulting<\/li>\n<li>Bedarfsanalyse<\/li>\n<li>Individuelle Software-Entwicklung<\/li>\n<li>Pre-und Post-Installation<\/li>\n<li>Software Support Services nach der Installation<\/li>\n<li>Unternehmensberatung<\/li>\n<li>Bildung<\/li>\n<\/ul>\n<p><img decoding=\"async\" class=\"size-full wp-image-786 aligncenter\" src=\"http:\/\/www.info01.it\/wp-content\/uploads\/2016\/12\/clip_image004.png\" alt=\"\" width=\"190\" height=\"60\" \/><\/p>\n<p>Pflege und Kommunikation Corporate Image, mit der Professionalit\u00e4t und Know-how der qualifizierten Ingenieuren zur Verf\u00fcgung stellen kann:<\/p>\n<ul>\n<li>Untersuchung und Entwicklung von Werbe-Dienstleistungen<\/li>\n<li>Erstellen von Firmenlogos und Markenzeichen<\/li>\n<li>Einrichten und Drucken von Katalogen und Brosch\u00fcren<\/li>\n<li>Multimedia-Pr\u00e4sentationen<\/li>\n<li>Produktion und Druck von Etiketten<\/li>\n<li>Koordinierte Grafiken und Briefpapier durch hei\u00dfe Stanzen, Pr\u00e4gen und UV-Lithographie bereichert<\/li>\n<\/ul>\n<p>&nbsp;<\/p>\n<p><img decoding=\"async\" class=\"size-full wp-image-789 aligncenter\" src=\"http:\/\/www.info01.it\/wp-content\/uploads\/2016\/12\/clip_image005.png\" alt=\"\" width=\"147\" height=\"52\" \/><\/p>\n<p>f\u00fcr alles, was im Zusammenhang mit der Installation, Support und Hardware-Wartung in KMU. Qualifizierte Techniker sind in der Lage, ihr Fachwissen zur Verf\u00fcgung, um Kunden f\u00fcr die Konfiguration und Betrieb von Netzen, Wide Area Networks, VPN-und Hardware-Ger\u00e4te aller g\u00e4ngigen Marken auf den Markt gebracht<\/td>\n<td width=\"50%\"><img decoding=\"async\" class=\"size-full wp-image-785 aligncenter\" src=\"http:\/\/www.info01.it\/wp-content\/uploads\/2016\/12\/clip_image002.png\" alt=\"\" width=\"190\" height=\"60\" \/><\/p>\n<p>f\u00fcr alles rund um die L\u00f6sungen Internet-und Web-Produkte, ist in der Lage, Dienstleistungen f\u00fcr ihre Kunden zu erbringen:<\/p>\n<ul>\n<li>Internet Service Provider<\/li>\n<li>Anmeldung und Maintainer von Domains<\/li>\n<li>Hosting &amp; Housing<\/li>\n<li>Entwicklung und Management von Websites<\/li>\n<li>Zertifizierte Mail-Dienste (PEC)<\/li>\n<\/ul>\n<p>&nbsp;<\/p>\n<p><img decoding=\"async\" class=\"size-full wp-image-787 aligncenter\" src=\"http:\/\/www.info01.it\/wp-content\/uploads\/2016\/12\/clip_image006.png\" alt=\"\" width=\"190\" height=\"60\" \/><\/p>\n<p>Italienisch Software SOLUTION &#8211; Serbien<\/p>\n<p>Erste strategische Br\u00fccke mit Osteuropa, wo Codice01 wird fruchtbarer Boden f\u00fcr die Art von Unternehmen, an die er adressiert finden.<\/p>\n<p>&nbsp;<\/p>\n<p><img decoding=\"async\" class=\"size-full wp-image-788 aligncenter\" src=\"http:\/\/www.info01.it\/wp-content\/uploads\/2016\/12\/clip_image007.png\" alt=\"\" width=\"165\" height=\"60\" \/><\/p>\n<p>FATOR I CONSULTORIA LTDA<\/p>\n<p>strategische Br\u00fccke mit S\u00fcdamerika und besonders Brasilien durch die Zusammenarbeit mit einer sehr wichtigen Agentur im Land. Brasilien ist einer der wichtigsten L\u00e4ndern der Welt im Hinblick auf die betroffenen Sektoren durch die Software, die 01 Informatica Srl produziert.<br \/>\n<br class=\"blank\" \/><br class=\"blank\" \/><br class=\"blank\" \/><br class=\"blank\" \/><br class=\"blank\" \/><br class=\"blank\" \/><br class=\"blank\" \/><br class=\"blank\" \/><br class=\"blank\" \/><br class=\"blank\" \/><br class=\"blank\" \/><\/td>\n<\/tr>\n<\/tbody>\n<\/table>\n<div class=\"fusion-clearfix\"><\/div><\/div><\/div><\/div><div class=\"fusion-clearfix\"><\/div><\/div><\/div><\/div><\/div>\n","protected":false},"excerpt":{"rendered":"","protected":false},"author":2,"featured_media":0,"parent":0,"menu_order":0,"comment_status":"closed","ping_status":"closed","template":"100-width.php","meta":{"_monsterinsights_skip_tracking":false,"_monsterinsights_sitenote_active":false,"_monsterinsights_sitenote_note":"","_monsterinsights_sitenote_category":0,"footnotes":""},"class_list":["post-927","page","type-page","status-publish","hentry"],"yoast_head":"<!-- This site is optimized with the Yoast SEO plugin v27.5 - https:\/\/yoast.com\/product\/yoast-seo-wordpress\/ -->\n<title>Die Gruppe - 01 Informatica Srl<\/title>\n<meta name=\"robots\" content=\"index, follow, max-snippet:-1, max-image-preview:large, max-video-preview:-1\" \/>\n<link rel=\"canonical\" href=\"https:\/\/www.info01.it\/de\/azienda\/\" \/>\n<meta property=\"og:locale\" content=\"de_DE\" \/>\n<meta property=\"og:type\" content=\"article\" \/>\n<meta property=\"og:title\" content=\"Die Gruppe - 01 Informatica Srl\" \/>\n<meta property=\"og:url\" content=\"https:\/\/www.info01.it\/de\/azienda\/\" \/>\n<meta property=\"og:site_name\" content=\"01 Informatica Srl\" \/>\n<meta property=\"article:publisher\" content=\"https:\/\/www.facebook.com\/01informaticasrl\" \/>\n<meta property=\"article:modified_time\" content=\"2017-05-08T13:42:20+00:00\" \/>\n<meta property=\"og:image\" content=\"http:\/\/www.info01.it\/01-informatica\/wp-content\/uploads\/2016\/12\/01group.jpg\" \/>\n<meta name=\"twitter:card\" content=\"summary_large_image\" \/>\n<meta name=\"twitter:site\" content=\"@informatica_01\" \/>\n<meta name=\"twitter:label1\" content=\"Gesch\u00e4tzte Lesezeit\" \/>\n\t<meta name=\"twitter:data1\" content=\"8\u00a0Minuten\" \/>\n<!-- \/ Yoast SEO plugin. -->","yoast_head_json":{"title":"Die Gruppe - 01 Informatica Srl","robots":{"index":"index","follow":"follow","max-snippet":"max-snippet:-1","max-image-preview":"max-image-preview:large","max-video-preview":"max-video-preview:-1"},"canonical":"https:\/\/www.info01.it\/de\/azienda\/","og_locale":"de_DE","og_type":"article","og_title":"Die Gruppe - 01 Informatica Srl","og_url":"https:\/\/www.info01.it\/de\/azienda\/","og_site_name":"01 Informatica Srl","article_publisher":"https:\/\/www.facebook.com\/01informaticasrl","article_modified_time":"2017-05-08T13:42:20+00:00","og_image":[{"url":"http:\/\/www.info01.it\/01-informatica\/wp-content\/uploads\/2016\/12\/01group.jpg","type":"","width":"","height":""}],"twitter_card":"summary_large_image","twitter_site":"@informatica_01","twitter_misc":{"Gesch\u00e4tzte Lesezeit":"8\u00a0Minuten"},"schema":{"@context":"https:\/\/schema.org","@graph":[{"@type":"WebPage","@id":"https:\/\/www.info01.it\/de\/azienda\/","url":"https:\/\/www.info01.it\/de\/azienda\/","name":"Die Gruppe - 01 Informatica Srl","isPartOf":{"@id":"https:\/\/www.info01.it\/#website"},"primaryImageOfPage":{"@id":"https:\/\/www.info01.it\/de\/azienda\/#primaryimage"},"image":{"@id":"https:\/\/www.info01.it\/de\/azienda\/#primaryimage"},"thumbnailUrl":"http:\/\/www.info01.it\/01-informatica\/wp-content\/uploads\/2016\/12\/01group.jpg","datePublished":"2016-12-23T08:54:17+00:00","dateModified":"2017-05-08T13:42:20+00:00","breadcrumb":{"@id":"https:\/\/www.info01.it\/de\/azienda\/#breadcrumb"},"inLanguage":"de","potentialAction":[{"@type":"ReadAction","target":["https:\/\/www.info01.it\/de\/azienda\/"]}]},{"@type":"ImageObject","inLanguage":"de","@id":"https:\/\/www.info01.it\/de\/azienda\/#primaryimage","url":"http:\/\/www.info01.it\/01-informatica\/wp-content\/uploads\/2016\/12\/01group.jpg","contentUrl":"http:\/\/www.info01.it\/01-informatica\/wp-content\/uploads\/2016\/12\/01group.jpg"},{"@type":"BreadcrumbList","@id":"https:\/\/www.info01.it\/de\/azienda\/#breadcrumb","itemListElement":[{"@type":"ListItem","position":1,"name":"Home","item":"https:\/\/www.info01.it\/de\/"},{"@type":"ListItem","position":2,"name":"Die Gruppe"}]},{"@type":"WebSite","@id":"https:\/\/www.info01.it\/#website","url":"https:\/\/www.info01.it\/","name":"01 Informatica Srl","description":"Sono oltre 30 anni che portiamo, nelle aziende, innovazione e tecnologia., offrendo la nostra consulenza per aiutarle ad essere dinamiche e flessibili.","publisher":{"@id":"https:\/\/www.info01.it\/#organization"},"potentialAction":[{"@type":"SearchAction","target":{"@type":"EntryPoint","urlTemplate":"https:\/\/www.info01.it\/?s={search_term_string}"},"query-input":{"@type":"PropertyValueSpecification","valueRequired":true,"valueName":"search_term_string"}}],"inLanguage":"de"},{"@type":"Organization","@id":"https:\/\/www.info01.it\/#organization","name":"01 Informatica S.r.l.","url":"https:\/\/www.info01.it\/","logo":{"@type":"ImageObject","inLanguage":"de","@id":"https:\/\/www.info01.it\/#\/schema\/logo\/image\/","url":"https:\/\/www.info01.it\/wp-content\/uploads\/2018\/12\/01.png","contentUrl":"https:\/\/www.info01.it\/wp-content\/uploads\/2018\/12\/01.png","width":373,"height":72,"caption":"01 Informatica S.r.l."},"image":{"@id":"https:\/\/www.info01.it\/#\/schema\/logo\/image\/"},"sameAs":["https:\/\/www.facebook.com\/01informaticasrl","https:\/\/x.com\/informatica_01","https:\/\/www.linkedin.com\/company\/01-informatica-srl"]}]}},"jetpack_shortlink":"https:\/\/wp.me\/P8LhI6-eX","jetpack_sharing_enabled":true,"jetpack_likes_enabled":true,"_links":{"self":[{"href":"https:\/\/www.info01.it\/de\/wp-json\/wp\/v2\/pages\/927","targetHints":{"allow":["GET"]}}],"collection":[{"href":"https:\/\/www.info01.it\/de\/wp-json\/wp\/v2\/pages"}],"about":[{"href":"https:\/\/www.info01.it\/de\/wp-json\/wp\/v2\/types\/page"}],"author":[{"embeddable":true,"href":"https:\/\/www.info01.it\/de\/wp-json\/wp\/v2\/users\/2"}],"replies":[{"embeddable":true,"href":"https:\/\/www.info01.it\/de\/wp-json\/wp\/v2\/comments?post=927"}],"version-history":[{"count":0,"href":"https:\/\/www.info01.it\/de\/wp-json\/wp\/v2\/pages\/927\/revisions"}],"wp:attachment":[{"href":"https:\/\/www.info01.it\/de\/wp-json\/wp\/v2\/media?parent=927"}],"curies":[{"name":"wp","href":"https:\/\/api.w.org\/{rel}","templated":true}]}}