{"id":1065,"date":"2017-01-13T16:46:52","date_gmt":"2017-01-13T15:46:52","guid":{"rendered":"http:\/\/www.info01.it\/01-informatica\/?page_id=1065"},"modified":"2017-05-08T16:49:43","modified_gmt":"2017-05-08T14:49:43","slug":"web-solutions","status":"publish","type":"page","link":"https:\/\/www.info01.it\/de\/web-solutions\/","title":{"rendered":"Web Solutions"},"content":{"rendered":"<div class=\"fusion-fullwidth fullwidth-box fusion-builder-row-1 nonhundred-percent-fullwidth non-hundred-percent-height-scrolling\" style=\"background-color: rgba(255,255,255,0);background-position: center center;background-repeat: no-repeat;padding-top:20px;padding-right:0px;padding-bottom:20px;padding-left:0px;margin-bottom: 0px;margin-top: 0px;border-width: 0px 0px 0px 0px;border-color:rgba(97,158,133,0);border-style:solid;\" ><div class=\"fusion-builder-row fusion-row\"><div class=\"fusion-layout-column fusion_builder_column fusion-builder-column-0 fusion_builder_column_1_1 1_1 fusion-one-full fusion-column-first fusion-column-last\" style=\"margin-top:0px;margin-bottom:20px;\"><div class=\"fusion-column-wrapper fusion-flex-column-wrapper-legacy\" style=\"background-position:left top;background-repeat:no-repeat;-webkit-background-size:cover;-moz-background-size:cover;-o-background-size:cover;background-size:cover;padding: 0px 0px 0px 0px;\"><style type=\"text\/css\"><\/style><div class=\"fusion-title title fusion-title-1 sep-underline sep-solid fusion-title-text fusion-title-size-one\" style=\"border-bottom-color:#e0dede;margin-top:0px;margin-right:0px;margin-bottom:40px;margin-left:0px;\"><h1 class=\"title-heading-left fusion-responsive-typography-calculated\" style=\"margin:0;--fontSize:36;line-height:1.4;\"><h1 style=\"text-align: center;\">Web Solutions<\/h1><\/h1><\/div><div class=\"fusion-text fusion-text-1\"><p>Durch unsere Tochtergesellschaft ParalleloWeb Srl liefern wir eine breite Palette von L\u00f6sungen, die auf Web-Technologie basieren, einschlie\u00dflich Web-Entwicklung, Domainregistrierung, Hosting, Housing, Web-Marketing, E-Commerce-, Spam-und Viren-Filterung f\u00fcr Mail sowie eine Reihe von Anwendungen Web einsatzbereit.<\/p>\n<\/div><div class=\"fusion-builder-row fusion-builder-row-inner fusion-row\"><div class=\"fusion-layout-column fusion_builder_column_inner fusion-builder-nested-column-0 fusion_builder_column_inner_1_3 1_3 fusion-one-third fusion-column-first\" style=\"width:33.333333333333%;width:calc(33.333333333333% - ( ( 4% + 4% ) * 0.33333333333333 ) );margin-right: 4%;margin-top:0px;margin-bottom:20px;\"><div class=\"fusion-column-wrapper fusion-flex-column-wrapper-legacy\" style=\"background-position:left top;background-repeat:no-repeat;-webkit-background-size:cover;-moz-background-size:cover;-o-background-size:cover;background-size:cover;padding: 0px 0px 0px 0px;\"><div class=\"fusion-text fusion-text-2\"><h3>Domain Registration<\/h3>\n<p>Alle L\u00f6sungen Ihre Domain zu registrieren oder \u00fcbertragen und Ihre Website zu bauen.<\/p>\n<\/div><div class=\"fusion-text fusion-text-3\"><h3>E-Commerce<\/h3>\n<p>Die Realisierung einem Platz im Web bedeutet, \u00fcber das Internet Reduzierung der Kosten f\u00fcr den Vertrieb und f\u00fcr die Sichtbarkeit und die M\u00f6glichkeit, attraktive Gewinne zu sehen, zu verkaufen<\/p>\n<\/div><div class=\"fusion-text fusion-text-4\"><h3>CMS-Entwicklung<\/h3>\n<p>Entwicklung von Content Management Systemen (CMS, Content Management System), das Sie dynamisch die Inhalte einer Webseite zu erlauben.<\/p>\n<\/div><div class=\"fusion-clearfix\"><\/div><\/div><\/div><div class=\"fusion-layout-column fusion_builder_column_inner fusion-builder-nested-column-1 fusion_builder_column_inner_1_3 1_3 fusion-one-third\" style=\"width:33.333333333333%;width:calc(33.333333333333% - ( ( 4% + 4% ) * 0.33333333333333 ) );margin-right: 4%;margin-top:0px;margin-bottom:20px;\"><div class=\"fusion-column-wrapper fusion-flex-column-wrapper-legacy\" style=\"background-position:left top;background-repeat:no-repeat;-webkit-background-size:cover;-moz-background-size:cover;-o-background-size:cover;background-size:cover;padding: 0px 0px 0px 0px;\"><div class=\"fusion-text fusion-text-5\"><h3>Hosting and Housing<\/h3>\n<p>Klares und einfaches Packages Hosting &amp; Housing mit Domain, Webspace und Email.<\/p>\n<\/div><div class=\"fusion-text fusion-text-6\"><h3>Software Web Based<\/h3>\n<p>Die Bedeutung einer WebBased Software ist die M\u00f6glichkeit, Inhalte dynamisch zu aktualisieren und mit den Besuchern der Seite selbst zu interagieren k\u00f6nnen.<\/p>\n<\/div><div class=\"fusion-text fusion-text-7\"><h3>MailWasher<\/h3>\n<p>Sie k\u00f6nnen zentral alle Ihre E-Mail verwalten, Synchronisierung und den Austausch von EMail mit den verschiedenen mobilen Ger\u00e4ten.<\/p>\n<\/div><div class=\"fusion-clearfix\"><\/div><\/div><\/div><div class=\"fusion-layout-column fusion_builder_column_inner fusion-builder-nested-column-2 fusion_builder_column_inner_1_3 1_3 fusion-one-third fusion-column-last\" style=\"width:33.333333333333%;width:calc(33.333333333333% - ( ( 4% + 4% ) * 0.33333333333333 ) );margin-top:0px;margin-bottom:20px;\"><div class=\"fusion-column-wrapper fusion-flex-column-wrapper-legacy\" style=\"background-position:left top;background-repeat:no-repeat;-webkit-background-size:cover;-moz-background-size:cover;-o-background-size:cover;background-size:cover;padding: 0px 0px 0px 0px;\"><div class=\"fusion-text fusion-text-8\"><h3>Web Design<\/h3>\n<p>Die Erstellung einer Website ist eine Operation, die unterschiedliche F\u00e4higkeiten integriert, sollte die Website attraktiv, einfach zu navigieren und klar pr\u00e4sentieren ihre Inhalte mit Leichtigkeit.<\/p>\n<\/div><div class=\"fusion-text fusion-text-9\"><h3>Web App<\/h3>\n<p>Verwaltung und Entwicklung von Anwendungen auf Basis von Web-Technologie eine bessere Verwaltung die Produktionsprozesse.<\/p>\n<\/div><div class=\"fusion-text fusion-text-10\"><h3>LegalMail<\/h3>\n<p>Sie k\u00f6nnen Ihre E-Mail mit der Rechtswert eines Einschreibens mit dem Service-Zertifikat Legalmail \u2122 senden.<\/p>\n<\/div><div class=\"fusion-clearfix\"><\/div><\/div><\/div><\/div><div class=\"fusion-clearfix\"><\/div><\/div><\/div><\/div><\/div>\n","protected":false},"excerpt":{"rendered":"","protected":false},"author":2,"featured_media":0,"parent":0,"menu_order":0,"comment_status":"closed","ping_status":"closed","template":"100-width.php","meta":{"_monsterinsights_skip_tracking":false,"_monsterinsights_sitenote_active":false,"_monsterinsights_sitenote_note":"","_monsterinsights_sitenote_category":0,"footnotes":""},"class_list":["post-1065","page","type-page","status-publish","hentry"],"yoast_head":"<!-- This site is optimized with the Yoast SEO plugin v27.5 - https:\/\/yoast.com\/product\/yoast-seo-wordpress\/ -->\n<title>Web Solutions - 01 Informatica Srl<\/title>\n<meta name=\"robots\" content=\"index, follow, max-snippet:-1, max-image-preview:large, max-video-preview:-1\" \/>\n<link rel=\"canonical\" href=\"https:\/\/www.info01.it\/de\/web-solutions\/\" \/>\n<meta property=\"og:locale\" content=\"de_DE\" \/>\n<meta property=\"og:type\" content=\"article\" \/>\n<meta property=\"og:title\" content=\"Web Solutions - 01 Informatica Srl\" \/>\n<meta property=\"og:url\" content=\"https:\/\/www.info01.it\/de\/web-solutions\/\" \/>\n<meta property=\"og:site_name\" content=\"01 Informatica Srl\" \/>\n<meta property=\"article:publisher\" content=\"https:\/\/www.facebook.com\/01informaticasrl\" \/>\n<meta property=\"article:modified_time\" content=\"2017-05-08T14:49:43+00:00\" \/>\n<meta property=\"og:image\" content=\"https:\/\/www.info01.it\/wp-content\/uploads\/2019\/07\/Informatica_facebook-2.png\" \/>\n\t<meta property=\"og:image:width\" content=\"1200\" \/>\n\t<meta property=\"og:image:height\" content=\"600\" \/>\n\t<meta property=\"og:image:type\" content=\"image\/png\" \/>\n<meta name=\"twitter:card\" content=\"summary_large_image\" \/>\n<meta name=\"twitter:site\" content=\"@informatica_01\" \/>\n<meta name=\"twitter:label1\" content=\"Gesch\u00e4tzte Lesezeit\" \/>\n\t<meta name=\"twitter:data1\" content=\"3\u00a0Minuten\" \/>\n<!-- \/ Yoast SEO plugin. -->","yoast_head_json":{"title":"Web Solutions - 01 Informatica Srl","robots":{"index":"index","follow":"follow","max-snippet":"max-snippet:-1","max-image-preview":"max-image-preview:large","max-video-preview":"max-video-preview:-1"},"canonical":"https:\/\/www.info01.it\/de\/web-solutions\/","og_locale":"de_DE","og_type":"article","og_title":"Web Solutions - 01 Informatica Srl","og_url":"https:\/\/www.info01.it\/de\/web-solutions\/","og_site_name":"01 Informatica Srl","article_publisher":"https:\/\/www.facebook.com\/01informaticasrl","article_modified_time":"2017-05-08T14:49:43+00:00","og_image":[{"width":1200,"height":600,"url":"https:\/\/www.info01.it\/wp-content\/uploads\/2019\/07\/Informatica_facebook-2.png","type":"image\/png"}],"twitter_card":"summary_large_image","twitter_site":"@informatica_01","twitter_misc":{"Gesch\u00e4tzte Lesezeit":"3\u00a0Minuten"},"schema":{"@context":"https:\/\/schema.org","@graph":[{"@type":"WebPage","@id":"https:\/\/www.info01.it\/de\/web-solutions\/","url":"https:\/\/www.info01.it\/de\/web-solutions\/","name":"Web Solutions - 01 Informatica Srl","isPartOf":{"@id":"https:\/\/www.info01.it\/#website"},"datePublished":"2017-01-13T15:46:52+00:00","dateModified":"2017-05-08T14:49:43+00:00","breadcrumb":{"@id":"https:\/\/www.info01.it\/de\/web-solutions\/#breadcrumb"},"inLanguage":"de","potentialAction":[{"@type":"ReadAction","target":["https:\/\/www.info01.it\/de\/web-solutions\/"]}]},{"@type":"BreadcrumbList","@id":"https:\/\/www.info01.it\/de\/web-solutions\/#breadcrumb","itemListElement":[{"@type":"ListItem","position":1,"name":"Home","item":"https:\/\/www.info01.it\/de\/"},{"@type":"ListItem","position":2,"name":"Web Solutions"}]},{"@type":"WebSite","@id":"https:\/\/www.info01.it\/#website","url":"https:\/\/www.info01.it\/","name":"01 Informatica Srl","description":"Sono oltre 30 anni che portiamo, nelle aziende, innovazione e tecnologia., offrendo la nostra consulenza per aiutarle ad essere dinamiche e flessibili.","publisher":{"@id":"https:\/\/www.info01.it\/#organization"},"potentialAction":[{"@type":"SearchAction","target":{"@type":"EntryPoint","urlTemplate":"https:\/\/www.info01.it\/?s={search_term_string}"},"query-input":{"@type":"PropertyValueSpecification","valueRequired":true,"valueName":"search_term_string"}}],"inLanguage":"de"},{"@type":"Organization","@id":"https:\/\/www.info01.it\/#organization","name":"01 Informatica S.r.l.","url":"https:\/\/www.info01.it\/","logo":{"@type":"ImageObject","inLanguage":"de","@id":"https:\/\/www.info01.it\/#\/schema\/logo\/image\/","url":"https:\/\/www.info01.it\/wp-content\/uploads\/2018\/12\/01.png","contentUrl":"https:\/\/www.info01.it\/wp-content\/uploads\/2018\/12\/01.png","width":373,"height":72,"caption":"01 Informatica S.r.l."},"image":{"@id":"https:\/\/www.info01.it\/#\/schema\/logo\/image\/"},"sameAs":["https:\/\/www.facebook.com\/01informaticasrl","https:\/\/x.com\/informatica_01","https:\/\/www.linkedin.com\/company\/01-informatica-srl"]}]}},"jetpack_shortlink":"https:\/\/wp.me\/P8LhI6-hb","jetpack_sharing_enabled":true,"jetpack_likes_enabled":true,"_links":{"self":[{"href":"https:\/\/www.info01.it\/de\/wp-json\/wp\/v2\/pages\/1065","targetHints":{"allow":["GET"]}}],"collection":[{"href":"https:\/\/www.info01.it\/de\/wp-json\/wp\/v2\/pages"}],"about":[{"href":"https:\/\/www.info01.it\/de\/wp-json\/wp\/v2\/types\/page"}],"author":[{"embeddable":true,"href":"https:\/\/www.info01.it\/de\/wp-json\/wp\/v2\/users\/2"}],"replies":[{"embeddable":true,"href":"https:\/\/www.info01.it\/de\/wp-json\/wp\/v2\/comments?post=1065"}],"version-history":[{"count":0,"href":"https:\/\/www.info01.it\/de\/wp-json\/wp\/v2\/pages\/1065\/revisions"}],"wp:attachment":[{"href":"https:\/\/www.info01.it\/de\/wp-json\/wp\/v2\/media?parent=1065"}],"curies":[{"name":"wp","href":"https:\/\/api.w.org\/{rel}","templated":true}]}}