{"id":1058,"date":"2017-01-13T16:38:00","date_gmt":"2017-01-13T15:38:00","guid":{"rendered":"http:\/\/www.info01.it\/01-informatica\/?page_id=1058"},"modified":"2017-05-08T16:47:45","modified_gmt":"2017-05-08T14:47:45","slug":"education","status":"publish","type":"page","link":"https:\/\/www.info01.it\/de\/education\/","title":{"rendered":"Education"},"content":{"rendered":"<div class=\"fusion-fullwidth fullwidth-box fusion-builder-row-1 nonhundred-percent-fullwidth non-hundred-percent-height-scrolling\" style=\"background-color: rgba(255,255,255,0);background-position: center center;background-repeat: no-repeat;padding-top:20px;padding-right:0px;padding-bottom:20px;padding-left:0px;margin-bottom: 0px;margin-top: 0px;border-width: 0px 0px 0px 0px;border-color:rgba(97,158,133,0);border-style:solid;\" ><div class=\"fusion-builder-row fusion-row\"><div class=\"fusion-layout-column fusion_builder_column fusion-builder-column-0 fusion_builder_column_1_1 1_1 fusion-one-full fusion-column-first fusion-column-last\" style=\"margin-top:0px;margin-bottom:20px;\"><div class=\"fusion-column-wrapper fusion-flex-column-wrapper-legacy\" style=\"background-position:left top;background-repeat:no-repeat;-webkit-background-size:cover;-moz-background-size:cover;-o-background-size:cover;background-size:cover;padding: 0px 0px 0px 0px;\"><style type=\"text\/css\"><\/style><div class=\"fusion-title title fusion-title-1 sep-underline sep-solid fusion-title-text fusion-title-size-one\" style=\"border-bottom-color:#e0dede;margin-top:0px;margin-right:0px;margin-bottom:40px;margin-left:0px;\"><h1 class=\"title-heading-left fusion-responsive-typography-calculated\" style=\"margin:0;--fontSize:36;line-height:1.4;\"><h1 style=\"text-align: center;\">Education<\/h1><\/h1><\/div><div class=\"fusion-builder-row fusion-builder-row-inner fusion-row\"><div class=\"fusion-layout-column fusion_builder_column_inner fusion-builder-nested-column-0 fusion_builder_column_inner_1_2 1_2 fusion-one-half fusion-column-first\" style=\"width:50%;width:calc(50% - ( ( 4% ) * 0.5 ) );margin-right: 4%;margin-top:0px;margin-bottom:20px;\"><div class=\"fusion-column-wrapper fusion-flex-column-wrapper-legacy\" style=\"background-position:left top;background-repeat:no-repeat;-webkit-background-size:cover;-moz-background-size:cover;-o-background-size:cover;background-size:cover;padding: 0px 0px 0px 0px;\"><div class=\"fusion-text fusion-text-1\"><p><img decoding=\"async\" class=\"alignleft wp-image-508 size-full\" src=\"http:\/\/www.info01.it\/wp-content\/uploads\/2016\/12\/education.jpg\" width=\"219\" height=\"230\" srcset=\"https:\/\/www.info01.it\/wp-content\/uploads\/2016\/12\/education-200x210.jpg 200w, https:\/\/www.info01.it\/wp-content\/uploads\/2016\/12\/education.jpg 219w\" sizes=\"(max-width: 219px) 100vw, 219px\" \/>Schulungen sind ein wichtiges Instrument, um die Wettbewerbsf\u00e4higkeit zu f\u00f6rdern, so dass wir pers\u00f6nlich Schulungen f\u00fcr unsere Kunden, mit Hilfe von Beratern und internen Experten f\u00fcr die Anwendungen entwickelt und st\u00e4ndig \u00fcber neue Normen aktualisiert, um sicherzustellen, dass die Kette kann ein Ziel zu erreichen Exzellenz im Verlauf der Erbringung der Dienstleistung.<\/p>\n<p>01_Education: Neben der Ausbildung auf jeden spezifischen Software und Module im Einsatz beim Kunden, hat 01 Informatica Srl einen spezifischen Kurs-Katalog entwickelt.<\/p>\n<p>01_Education bietet eine breite Palette von Kursen und Schulungen bei Endkunden und das Management der Unternehmen, die den Erwerb von Wissen erforderlich, zu implementieren und nutzen die L\u00f6sungen ausgerichtet, dass 01 Informatica Srl Releases, ihr volles Potenzial.<\/p>\n<\/div><div class=\"fusion-clearfix\"><\/div><\/div><\/div><div class=\"fusion-layout-column fusion_builder_column_inner fusion-builder-nested-column-1 fusion_builder_column_inner_1_2 1_2 fusion-one-half fusion-column-last\" style=\"width:50%;width:calc(50% - ( ( 4% ) * 0.5 ) );margin-top:0px;margin-bottom:20px;\"><div class=\"fusion-column-wrapper fusion-flex-column-wrapper-legacy\" style=\"background-position:left top;background-repeat:no-repeat;-webkit-background-size:cover;-moz-background-size:cover;-o-background-size:cover;background-size:cover;padding: 0px 0px 0px 0px;\"><div class=\"fusion-text fusion-text-2\"><h3 class=\"title\">Online training<\/h3>\n<p>Bald Zugriff auf bestimmte Bereiche der Website, die funktionalen Managern, werden IT-Ressourcen, und die autorisierten Benutzer in der Lage sein, den Inhalt von Bildung in Bezug auf jede Anwendung Codice01 ohne Verlassen des Arbeitsplatzes ist auf eine einfache und Assistenten anzuzeigen.<\/p>\n<\/div><div class=\"fusion-text fusion-text-3\"><div class=\"text\">\n<h3 class=\"title\">Kundenspezifische Schulungen<\/h3>\n<p><img decoding=\"async\" class=\"size-full wp-image-509 alignleft\" src=\"http:\/\/www.info01.it\/wp-content\/uploads\/2016\/12\/education2.jpg\" alt=\"\" width=\"211\" height=\"184\" srcset=\"https:\/\/www.info01.it\/wp-content\/uploads\/2016\/12\/education2-200x174.jpg 200w, https:\/\/www.info01.it\/wp-content\/uploads\/2016\/12\/education2.jpg 211w\" sizes=\"(max-width: 211px) 100vw, 211px\" \/>Kunden, die einen Kurs steht f\u00fcr eine Ressource-Gruppe planen m\u00f6chten, k\u00f6nnen in diesem Abschnitt die wesentlichen Informationen und in welcher Weise 01_Education entwickelt und liefert Schulungen auf die spezifischen Bed\u00fcrfnisse des Unternehmens in Bezug auf Zeiten und Orte treffen sehen.<\/p>\n<\/div>\n<\/div><div class=\"fusion-clearfix\"><\/div><\/div><\/div><\/div><div class=\"fusion-clearfix\"><\/div><\/div><\/div><\/div><\/div>\n","protected":false},"excerpt":{"rendered":"","protected":false},"author":2,"featured_media":0,"parent":0,"menu_order":0,"comment_status":"closed","ping_status":"closed","template":"","meta":{"_monsterinsights_skip_tracking":false,"_monsterinsights_sitenote_active":false,"_monsterinsights_sitenote_note":"","_monsterinsights_sitenote_category":0,"footnotes":""},"class_list":["post-1058","page","type-page","status-publish","hentry"],"yoast_head":"<!-- This site is optimized with the Yoast SEO plugin v27.5 - https:\/\/yoast.com\/product\/yoast-seo-wordpress\/ -->\n<title>Education - 01 Informatica Srl<\/title>\n<meta name=\"robots\" content=\"index, follow, max-snippet:-1, max-image-preview:large, max-video-preview:-1\" \/>\n<link rel=\"canonical\" href=\"https:\/\/www.info01.it\/de\/education\/\" \/>\n<meta property=\"og:locale\" content=\"de_DE\" \/>\n<meta property=\"og:type\" content=\"article\" \/>\n<meta property=\"og:title\" content=\"Education - 01 Informatica Srl\" \/>\n<meta property=\"og:url\" content=\"https:\/\/www.info01.it\/de\/education\/\" \/>\n<meta property=\"og:site_name\" content=\"01 Informatica Srl\" \/>\n<meta property=\"article:publisher\" content=\"https:\/\/www.facebook.com\/01informaticasrl\" \/>\n<meta property=\"article:modified_time\" content=\"2017-05-08T14:47:45+00:00\" \/>\n<meta property=\"og:image\" content=\"http:\/\/www.info01.it\/wp-content\/uploads\/2016\/12\/education.jpg\" \/>\n<meta name=\"twitter:card\" content=\"summary_large_image\" \/>\n<meta name=\"twitter:site\" content=\"@informatica_01\" \/>\n<meta name=\"twitter:label1\" content=\"Gesch\u00e4tzte Lesezeit\" \/>\n\t<meta name=\"twitter:data1\" content=\"2\u00a0Minuten\" \/>\n<!-- \/ Yoast SEO plugin. -->","yoast_head_json":{"title":"Education - 01 Informatica Srl","robots":{"index":"index","follow":"follow","max-snippet":"max-snippet:-1","max-image-preview":"max-image-preview:large","max-video-preview":"max-video-preview:-1"},"canonical":"https:\/\/www.info01.it\/de\/education\/","og_locale":"de_DE","og_type":"article","og_title":"Education - 01 Informatica Srl","og_url":"https:\/\/www.info01.it\/de\/education\/","og_site_name":"01 Informatica Srl","article_publisher":"https:\/\/www.facebook.com\/01informaticasrl","article_modified_time":"2017-05-08T14:47:45+00:00","og_image":[{"url":"http:\/\/www.info01.it\/wp-content\/uploads\/2016\/12\/education.jpg","type":"","width":"","height":""}],"twitter_card":"summary_large_image","twitter_site":"@informatica_01","twitter_misc":{"Gesch\u00e4tzte Lesezeit":"2\u00a0Minuten"},"schema":{"@context":"https:\/\/schema.org","@graph":[{"@type":"WebPage","@id":"https:\/\/www.info01.it\/de\/education\/","url":"https:\/\/www.info01.it\/de\/education\/","name":"Education - 01 Informatica Srl","isPartOf":{"@id":"https:\/\/www.info01.it\/#website"},"primaryImageOfPage":{"@id":"https:\/\/www.info01.it\/de\/education\/#primaryimage"},"image":{"@id":"https:\/\/www.info01.it\/de\/education\/#primaryimage"},"thumbnailUrl":"http:\/\/www.info01.it\/wp-content\/uploads\/2016\/12\/education.jpg","datePublished":"2017-01-13T15:38:00+00:00","dateModified":"2017-05-08T14:47:45+00:00","breadcrumb":{"@id":"https:\/\/www.info01.it\/de\/education\/#breadcrumb"},"inLanguage":"de","potentialAction":[{"@type":"ReadAction","target":["https:\/\/www.info01.it\/de\/education\/"]}]},{"@type":"ImageObject","inLanguage":"de","@id":"https:\/\/www.info01.it\/de\/education\/#primaryimage","url":"http:\/\/www.info01.it\/wp-content\/uploads\/2016\/12\/education.jpg","contentUrl":"http:\/\/www.info01.it\/wp-content\/uploads\/2016\/12\/education.jpg"},{"@type":"BreadcrumbList","@id":"https:\/\/www.info01.it\/de\/education\/#breadcrumb","itemListElement":[{"@type":"ListItem","position":1,"name":"Home","item":"https:\/\/www.info01.it\/de\/"},{"@type":"ListItem","position":2,"name":"Education"}]},{"@type":"WebSite","@id":"https:\/\/www.info01.it\/#website","url":"https:\/\/www.info01.it\/","name":"01 Informatica Srl","description":"Sono oltre 30 anni che portiamo, nelle aziende, innovazione e tecnologia., offrendo la nostra consulenza per aiutarle ad essere dinamiche e flessibili.","publisher":{"@id":"https:\/\/www.info01.it\/#organization"},"potentialAction":[{"@type":"SearchAction","target":{"@type":"EntryPoint","urlTemplate":"https:\/\/www.info01.it\/?s={search_term_string}"},"query-input":{"@type":"PropertyValueSpecification","valueRequired":true,"valueName":"search_term_string"}}],"inLanguage":"de"},{"@type":"Organization","@id":"https:\/\/www.info01.it\/#organization","name":"01 Informatica S.r.l.","url":"https:\/\/www.info01.it\/","logo":{"@type":"ImageObject","inLanguage":"de","@id":"https:\/\/www.info01.it\/#\/schema\/logo\/image\/","url":"https:\/\/www.info01.it\/wp-content\/uploads\/2018\/12\/01.png","contentUrl":"https:\/\/www.info01.it\/wp-content\/uploads\/2018\/12\/01.png","width":373,"height":72,"caption":"01 Informatica S.r.l."},"image":{"@id":"https:\/\/www.info01.it\/#\/schema\/logo\/image\/"},"sameAs":["https:\/\/www.facebook.com\/01informaticasrl","https:\/\/x.com\/informatica_01","https:\/\/www.linkedin.com\/company\/01-informatica-srl"]}]}},"jetpack_shortlink":"https:\/\/wp.me\/P8LhI6-h4","jetpack_sharing_enabled":true,"jetpack_likes_enabled":true,"_links":{"self":[{"href":"https:\/\/www.info01.it\/de\/wp-json\/wp\/v2\/pages\/1058","targetHints":{"allow":["GET"]}}],"collection":[{"href":"https:\/\/www.info01.it\/de\/wp-json\/wp\/v2\/pages"}],"about":[{"href":"https:\/\/www.info01.it\/de\/wp-json\/wp\/v2\/types\/page"}],"author":[{"embeddable":true,"href":"https:\/\/www.info01.it\/de\/wp-json\/wp\/v2\/users\/2"}],"replies":[{"embeddable":true,"href":"https:\/\/www.info01.it\/de\/wp-json\/wp\/v2\/comments?post=1058"}],"version-history":[{"count":0,"href":"https:\/\/www.info01.it\/de\/wp-json\/wp\/v2\/pages\/1058\/revisions"}],"wp:attachment":[{"href":"https:\/\/www.info01.it\/de\/wp-json\/wp\/v2\/media?parent=1058"}],"curies":[{"name":"wp","href":"https:\/\/api.w.org\/{rel}","templated":true}]}}